{"id":2051,"date":"2022-08-16T20:10:16","date_gmt":"2022-08-17T01:10:16","guid":{"rendered":"https:\/\/drjudahernandez.com\/videos\/"},"modified":"2025-04-29T11:47:35","modified_gmt":"2025-04-29T17:47:35","slug":"videos","status":"publish","type":"page","link":"https:\/\/drjudahernandez.com\/en\/videos\/","title":{"rendered":"Videos"},"content":{"rendered":"\t\t<div data-elementor-type=\"wp-page\" data-elementor-id=\"2051\" class=\"elementor elementor-2051 elementor-238\" data-elementor-post-type=\"page\">\n\t\t\t\t\t\t<section class=\"elementor-section elementor-top-section elementor-element elementor-element-152ce1e elementor-section-height-min-height elementor-section-boxed elementor-section-height-default elementor-section-items-middle\" data-id=\"152ce1e\" data-element_type=\"section\" data-e-type=\"section\" data-settings=\"{&quot;background_background&quot;:&quot;classic&quot;}\">\n\t\t\t\t\t\t\t<div class=\"elementor-background-overlay\"><\/div>\n\t\t\t\t\t\t\t<div class=\"elementor-container elementor-column-gap-default\">\n\t\t\t\t\t<div class=\"elementor-column elementor-col-100 elementor-top-column elementor-element elementor-element-b3c85ea\" data-id=\"b3c85ea\" data-element_type=\"column\" data-e-type=\"column\">\n\t\t\t<div class=\"elementor-widget-wrap elementor-element-populated\">\n\t\t\t\t\t\t<div class=\"elementor-element elementor-element-4a4357d elementor-widget elementor-widget-heading\" data-id=\"4a4357d\" data-element_type=\"widget\" data-e-type=\"widget\" data-widget_type=\"heading.default\">\n\t\t\t\t<div class=\"elementor-widget-container\">\n\t\t\t\t\t<h1 class=\"elementor-heading-title elementor-size-default\">Videos<\/h1>\t\t\t\t<\/div>\n\t\t\t\t<\/div>\n\t\t\t\t\t<\/div>\n\t\t<\/div>\n\t\t\t\t\t<\/div>\n\t\t<\/section>\n\t\t\t\t<section class=\"elementor-section elementor-top-section elementor-element elementor-element-20fd64f elementor-section-boxed elementor-section-height-default elementor-section-height-default\" data-id=\"20fd64f\" data-element_type=\"section\" data-e-type=\"section\">\n\t\t\t\t\t\t<div class=\"elementor-container elementor-column-gap-default\">\n\t\t\t\t\t<div class=\"elementor-column elementor-col-100 elementor-top-column elementor-element elementor-element-cd7a1ca\" data-id=\"cd7a1ca\" data-element_type=\"column\" data-e-type=\"column\">\n\t\t\t<div class=\"elementor-widget-wrap elementor-element-populated\">\n\t\t\t\t\t\t<div class=\"elementor-element elementor-element-5f61916 elementor-widget elementor-widget-heading\" data-id=\"5f61916\" data-element_type=\"widget\" data-e-type=\"widget\" data-widget_type=\"heading.default\">\n\t\t\t\t<div class=\"elementor-widget-container\">\n\t\t\t\t\t<h2 class=\"elementor-heading-title elementor-size-default\">Videos<\/h2>\t\t\t\t<\/div>\n\t\t\t\t<\/div>\n\t\t\t\t\t<\/div>\n\t\t<\/div>\n\t\t\t\t\t<\/div>\n\t\t<\/section>\n\t\t\t\t<\/div>\n\t\t","protected":false},"excerpt":{"rendered":"<p>Videos Videos Naltrexone Implant for Stimulants such as Cocaine (crack) and Methamphetamine (crystal) Naltrexone Implants!! What Are They? What Are They Used For? Do They Really Work? Frequently Asked Questions (FAQs) About Naltrexone Implants Testimony April 15th<\/p>\n","protected":false},"author":2,"featured_media":0,"parent":0,"menu_order":0,"comment_status":"closed","ping_status":"closed","template":"","meta":{"footnotes":""},"class_list":["post-2051","page","type-page","status-publish","hentry"],"yoast_head":"<!-- This site is optimized with the Yoast SEO plugin v27.4 - https:\/\/yoast.com\/product\/yoast-seo-wordpress\/ -->\n<title>Videos - Dr. Judah Hern\u00e1ndez<\/title>\n<meta name=\"robots\" content=\"index, follow, max-snippet:-1, max-image-preview:large, max-video-preview:-1\" \/>\n<link rel=\"canonical\" href=\"https:\/\/drjudahernandez.com\/en\/videos\/\" \/>\n<meta property=\"og:locale\" content=\"en_US\" \/>\n<meta property=\"og:type\" content=\"article\" \/>\n<meta property=\"og:title\" content=\"Videos - Dr. Judah Hern\u00e1ndez\" \/>\n<meta property=\"og:description\" content=\"Videos Videos Naltrexone Implant for Stimulants such as Cocaine (crack) and Methamphetamine (crystal) Naltrexone Implants!! What Are They? What Are They Used For? Do They Really Work? Frequently Asked Questions (FAQs) About Naltrexone Implants Testimony April 15th\" \/>\n<meta property=\"og:url\" content=\"https:\/\/drjudahernandez.com\/en\/videos\/\" \/>\n<meta property=\"og:site_name\" content=\"Dr. Judah Hern\u00e1ndez\" \/>\n<meta property=\"article:modified_time\" content=\"2025-04-29T17:47:35+00:00\" \/>\n<meta property=\"og:image\" content=\"https:\/\/i.ytimg.com\/vi\/73izKiJpPRg\/maxresdefault.jpg\" \/>\n<meta name=\"twitter:card\" content=\"summary_large_image\" \/>\n<script type=\"application\/ld+json\" class=\"yoast-schema-graph\">{\"@context\":\"https:\\\/\\\/schema.org\",\"@graph\":[{\"@type\":\"WebPage\",\"@id\":\"https:\\\/\\\/drjudahernandez.com\\\/en\\\/videos\\\/\",\"url\":\"https:\\\/\\\/drjudahernandez.com\\\/en\\\/videos\\\/\",\"name\":\"Videos - Dr. Judah Hern\u00e1ndez\",\"isPartOf\":{\"@id\":\"https:\\\/\\\/drjudahernandez.com\\\/en\\\/#website\"},\"primaryImageOfPage\":{\"@id\":\"https:\\\/\\\/drjudahernandez.com\\\/en\\\/videos\\\/#primaryimage\"},\"image\":{\"@id\":\"https:\\\/\\\/drjudahernandez.com\\\/en\\\/videos\\\/#primaryimage\"},\"thumbnailUrl\":\"https:\\\/\\\/i.ytimg.com\\\/vi\\\/73izKiJpPRg\\\/maxresdefault.jpg\",\"datePublished\":\"2022-08-17T01:10:16+00:00\",\"dateModified\":\"2025-04-29T17:47:35+00:00\",\"breadcrumb\":{\"@id\":\"https:\\\/\\\/drjudahernandez.com\\\/en\\\/videos\\\/#breadcrumb\"},\"inLanguage\":\"en-US\",\"potentialAction\":[{\"@type\":\"ReadAction\",\"target\":[\"https:\\\/\\\/drjudahernandez.com\\\/en\\\/videos\\\/\"]}]},{\"@type\":\"ImageObject\",\"inLanguage\":\"en-US\",\"@id\":\"https:\\\/\\\/drjudahernandez.com\\\/en\\\/videos\\\/#primaryimage\",\"url\":\"https:\\\/\\\/i.ytimg.com\\\/vi\\\/73izKiJpPRg\\\/maxresdefault.jpg\",\"contentUrl\":\"https:\\\/\\\/i.ytimg.com\\\/vi\\\/73izKiJpPRg\\\/maxresdefault.jpg\"},{\"@type\":\"BreadcrumbList\",\"@id\":\"https:\\\/\\\/drjudahernandez.com\\\/en\\\/videos\\\/#breadcrumb\",\"itemListElement\":[{\"@type\":\"ListItem\",\"position\":1,\"name\":\"Home\",\"item\":\"https:\\\/\\\/drjudahernandez.com\\\/en\\\/judah-hernandez-m-d\\\/\"},{\"@type\":\"ListItem\",\"position\":2,\"name\":\"Videos\"}]},{\"@type\":\"WebSite\",\"@id\":\"https:\\\/\\\/drjudahernandez.com\\\/en\\\/#website\",\"url\":\"https:\\\/\\\/drjudahernandez.com\\\/en\\\/\",\"name\":\"Dr. Judah Hern\u00e1ndez\",\"description\":\"M\u00e9dico Adict\u00f3logo\",\"publisher\":{\"@id\":\"https:\\\/\\\/drjudahernandez.com\\\/en\\\/#organization\"},\"potentialAction\":[{\"@type\":\"SearchAction\",\"target\":{\"@type\":\"EntryPoint\",\"urlTemplate\":\"https:\\\/\\\/drjudahernandez.com\\\/en\\\/?s={search_term_string}\"},\"query-input\":{\"@type\":\"PropertyValueSpecification\",\"valueRequired\":true,\"valueName\":\"search_term_string\"}}],\"inLanguage\":\"en-US\"},{\"@type\":\"Organization\",\"@id\":\"https:\\\/\\\/drjudahernandez.com\\\/en\\\/#organization\",\"name\":\"Dr. Judah Hern\u00e1ndez\",\"alternateName\":\"Dr. Judah Hern\u00e1ndez\",\"url\":\"https:\\\/\\\/drjudahernandez.com\\\/en\\\/\",\"logo\":{\"@type\":\"ImageObject\",\"inLanguage\":\"en-US\",\"@id\":\"https:\\\/\\\/drjudahernandez.com\\\/en\\\/#\\\/schema\\\/logo\\\/image\\\/\",\"url\":\"https:\\\/\\\/drjudahernandez.com\\\/wp-content\\\/uploads\\\/2022\\\/10\\\/cropped-logo-centro-ntx.png\",\"contentUrl\":\"https:\\\/\\\/drjudahernandez.com\\\/wp-content\\\/uploads\\\/2022\\\/10\\\/cropped-logo-centro-ntx.png\",\"width\":512,\"height\":512,\"caption\":\"Dr. Judah Hern\u00e1ndez\"},\"image\":{\"@id\":\"https:\\\/\\\/drjudahernandez.com\\\/en\\\/#\\\/schema\\\/logo\\\/image\\\/\"}}]}<\/script>\n<!-- \/ Yoast SEO plugin. -->","yoast_head_json":{"title":"Videos - Dr. Judah Hern\u00e1ndez","robots":{"index":"index","follow":"follow","max-snippet":"max-snippet:-1","max-image-preview":"max-image-preview:large","max-video-preview":"max-video-preview:-1"},"canonical":"https:\/\/drjudahernandez.com\/en\/videos\/","og_locale":"en_US","og_type":"article","og_title":"Videos - Dr. Judah Hern\u00e1ndez","og_description":"Videos Videos Naltrexone Implant for Stimulants such as Cocaine (crack) and Methamphetamine (crystal) Naltrexone Implants!! What Are They? What Are They Used For? Do They Really Work? Frequently Asked Questions (FAQs) About Naltrexone Implants Testimony April 15th","og_url":"https:\/\/drjudahernandez.com\/en\/videos\/","og_site_name":"Dr. Judah Hern\u00e1ndez","article_modified_time":"2025-04-29T17:47:35+00:00","og_image":[{"url":"https:\/\/i.ytimg.com\/vi\/73izKiJpPRg\/maxresdefault.jpg","type":"","width":"","height":""}],"twitter_card":"summary_large_image","schema":{"@context":"https:\/\/schema.org","@graph":[{"@type":"WebPage","@id":"https:\/\/drjudahernandez.com\/en\/videos\/","url":"https:\/\/drjudahernandez.com\/en\/videos\/","name":"Videos - Dr. Judah Hern\u00e1ndez","isPartOf":{"@id":"https:\/\/drjudahernandez.com\/en\/#website"},"primaryImageOfPage":{"@id":"https:\/\/drjudahernandez.com\/en\/videos\/#primaryimage"},"image":{"@id":"https:\/\/drjudahernandez.com\/en\/videos\/#primaryimage"},"thumbnailUrl":"https:\/\/i.ytimg.com\/vi\/73izKiJpPRg\/maxresdefault.jpg","datePublished":"2022-08-17T01:10:16+00:00","dateModified":"2025-04-29T17:47:35+00:00","breadcrumb":{"@id":"https:\/\/drjudahernandez.com\/en\/videos\/#breadcrumb"},"inLanguage":"en-US","potentialAction":[{"@type":"ReadAction","target":["https:\/\/drjudahernandez.com\/en\/videos\/"]}]},{"@type":"ImageObject","inLanguage":"en-US","@id":"https:\/\/drjudahernandez.com\/en\/videos\/#primaryimage","url":"https:\/\/i.ytimg.com\/vi\/73izKiJpPRg\/maxresdefault.jpg","contentUrl":"https:\/\/i.ytimg.com\/vi\/73izKiJpPRg\/maxresdefault.jpg"},{"@type":"BreadcrumbList","@id":"https:\/\/drjudahernandez.com\/en\/videos\/#breadcrumb","itemListElement":[{"@type":"ListItem","position":1,"name":"Home","item":"https:\/\/drjudahernandez.com\/en\/judah-hernandez-m-d\/"},{"@type":"ListItem","position":2,"name":"Videos"}]},{"@type":"WebSite","@id":"https:\/\/drjudahernandez.com\/en\/#website","url":"https:\/\/drjudahernandez.com\/en\/","name":"Dr. Judah Hern\u00e1ndez","description":"M\u00e9dico Adict\u00f3logo","publisher":{"@id":"https:\/\/drjudahernandez.com\/en\/#organization"},"potentialAction":[{"@type":"SearchAction","target":{"@type":"EntryPoint","urlTemplate":"https:\/\/drjudahernandez.com\/en\/?s={search_term_string}"},"query-input":{"@type":"PropertyValueSpecification","valueRequired":true,"valueName":"search_term_string"}}],"inLanguage":"en-US"},{"@type":"Organization","@id":"https:\/\/drjudahernandez.com\/en\/#organization","name":"Dr. Judah Hern\u00e1ndez","alternateName":"Dr. Judah Hern\u00e1ndez","url":"https:\/\/drjudahernandez.com\/en\/","logo":{"@type":"ImageObject","inLanguage":"en-US","@id":"https:\/\/drjudahernandez.com\/en\/#\/schema\/logo\/image\/","url":"https:\/\/drjudahernandez.com\/wp-content\/uploads\/2022\/10\/cropped-logo-centro-ntx.png","contentUrl":"https:\/\/drjudahernandez.com\/wp-content\/uploads\/2022\/10\/cropped-logo-centro-ntx.png","width":512,"height":512,"caption":"Dr. Judah Hern\u00e1ndez"},"image":{"@id":"https:\/\/drjudahernandez.com\/en\/#\/schema\/logo\/image\/"}}]}},"_links":{"self":[{"href":"https:\/\/drjudahernandez.com\/en\/wp-json\/wp\/v2\/pages\/2051","targetHints":{"allow":["GET"]}}],"collection":[{"href":"https:\/\/drjudahernandez.com\/en\/wp-json\/wp\/v2\/pages"}],"about":[{"href":"https:\/\/drjudahernandez.com\/en\/wp-json\/wp\/v2\/types\/page"}],"author":[{"embeddable":true,"href":"https:\/\/drjudahernandez.com\/en\/wp-json\/wp\/v2\/users\/2"}],"replies":[{"embeddable":true,"href":"https:\/\/drjudahernandez.com\/en\/wp-json\/wp\/v2\/comments?post=2051"}],"version-history":[{"count":0,"href":"https:\/\/drjudahernandez.com\/en\/wp-json\/wp\/v2\/pages\/2051\/revisions"}],"wp:attachment":[{"href":"https:\/\/drjudahernandez.com\/en\/wp-json\/wp\/v2\/media?parent=2051"}],"curies":[{"name":"wp","href":"https:\/\/api.w.org\/{rel}","templated":true}]}}